{"id":1033,"date":"2024-06-12T11:57:17","date_gmt":"2024-06-12T11:57:17","guid":{"rendered":"https:\/\/cell.cat\/?page_id=1033"},"modified":"2024-08-19T12:14:27","modified_gmt":"2024-08-19T12:14:27","slug":"nota-legal","status":"publish","type":"page","link":"https:\/\/cell.cat\/ca\/nota-legal\/","title":{"rendered":"Nota Legal"},"content":{"rendered":"<div class=\"fusion-fullwidth fullwidth-box fusion-builder-row-1 fusion-flex-container nonhundred-percent-fullwidth non-hundred-percent-height-scrolling\" style=\"--awb-border-radius-top-left:0px;--awb-border-radius-top-right:0px;--awb-border-radius-bottom-right:0px;--awb-border-radius-bottom-left:0px;--awb-flex-wrap:wrap;\" ><div class=\"fusion-builder-row fusion-row fusion-flex-align-items-flex-start fusion-flex-content-wrap\" style=\"max-width:1248px;margin-left: calc(-4% \/ 2 );margin-right: calc(-4% \/ 2 );\"><div class=\"fusion-layout-column fusion_builder_column fusion-builder-column-0 fusion_builder_column_1_1 1_1 fusion-flex-column\" style=\"--awb-bg-blend:overlay;--awb-bg-size:cover;--awb-width-large:100%;--awb-margin-top-large:0px;--awb-spacing-right-large:1.92%;--awb-margin-bottom-large:0px;--awb-spacing-left-large:1.92%;--awb-width-medium:100%;--awb-order-medium:0;--awb-spacing-right-medium:1.92%;--awb-spacing-left-medium:1.92%;--awb-width-small:100%;--awb-order-small:0;--awb-spacing-right-small:1.92%;--awb-spacing-left-small:1.92%;\" data-scroll-devices=\"small-visibility,medium-visibility,large-visibility\"><div class=\"fusion-column-wrapper fusion-column-has-shadow fusion-flex-justify-content-flex-start fusion-content-layout-column\"><div class=\"fusion-text fusion-text-1\"><\/p>\n<p style=\"--fontsize: 40; line-height: 1.2;\"><span style=\"color: var(--awb-text-color); font-family: var(--awb-text-font-family); font-size: 15px; font-style: var(--awb-text-font-style); letter-spacing: var(--awb-letter-spacing); text-align: var(--awb-content-alignment); text-transform: var(--awb-text-transform); background-color: var(--awb-bg-color-hover);\" data-fusion-font=\"true\"><b style=\"color: var(--awb-color4);\">El lloc web i el domini www.cell.es corresponen a Cell Lloret, amb domicili Ptge. Felip i Gibert, 8 2n pis 17310 Lloret de Mar, i adre\u00e7a electr\u00f2nica info@cell.cat<\/b><\/span><\/p>\n<p style=\"color: var(--awb-color4);\">\u00a0<\/p>\n<p><strong style=\"color: var(--awb-color4); font-size: 20px;\" data-fusion-font=\"true\">Propietat intel\u00b7lectual i industrial<\/strong><\/p>\n<p style=\"color: var(--awb-color4);\">Els drets sobre els continguts d\u2019aquest lloc, incloent-hi els textos, imatges, dissenys gr\u00e0fics, marques i altres signes distintius (des d\u2019ara els continguts), pertanyen a Cell Lloret, o a tercers que han autoritzat el seu \u00fas. Cell Lloret presenta aquests continguts per informar dels seus serveis i activitats professionals. Cell Lloret autoritza la utilitzaci\u00f3 dels continguts per a usos no comercials sempre que s\u2019indiqui de forma clara la font. Si els continguts s\u2019utilitzen en entorns web ser\u00e0 necessari incloure un enlla\u00e7 a la p\u00e0gina d\u2019inici del lloc web (acc\u00e9s a la p\u00e0gina d\u2019inici) es reserva el dret a iniciar les accions legals oportunes en defensa dels seus drets de propietat intel\u00b7lectual o industrial.<\/p>\n<p style=\"color: var(--awb-color4);\">No s\u2019autoritzen presentacions dels continguts d\u2019aquest lloc en una finestra aliena a www.cell.es (framing).<\/p>\n<p style=\"color: var(--awb-color4);\">\u00a0<\/p>\n<p><strong style=\"color: var(--awb-color4); font-size: 20px;\" data-fusion-font=\"true\">Protecci\u00f3 de dades<\/strong><\/p>\n<p style=\"color: var(--awb-color4);\">Les dades personals que es puguin obtenir per mitj\u00e0 del formulari de contacte d\u2019aquesta p\u00e0gina o b\u00e9 per la recepci\u00f3 de correus electr\u00f2nics es tractaran aplicant les mesures de seguretat adequades i nom\u00e9s s\u2019utilitzaran per atendre les sol\u00b7licituds d\u2019informaci\u00f3 o consultes. Les dades personals que es puguin obtenir mitjan\u00e7ant el formulari de subscripci\u00f3 seran utilitzades per a l\u2019enviament d\u2019informaci\u00f3 corporativa, relacionada amb productes o serveis.<\/p>\n<p style=\"color: var(--awb-color4);\">\u00a0<\/p>\n<p><strong style=\"color: var(--awb-color4); font-size: 20px;\" data-fusion-font=\"true\">Responsabilitat sobre els continguts<\/strong><\/p>\n<p style=\"color: var(--awb-color4);\">Encara que Cell Lloret actua amb la m\u00e0xima dilig\u00e8ncia possible, es pot donar el cas que alguna dada o informaci\u00f3 no estigui del tot actualitzada en el moment que l\u2019usuari del lloc web el consulti. Per aix\u00f2 Cell Lloret manifesta que les refer\u00e8ncies de les creacions, productes i serveis que es presenten al seu lloc web tenen una funci\u00f3 orientativa i no obliguen a Cell Lloret fins a la contractaci\u00f3 expressa d\u2019una comanda.<\/p>\n<p style=\"color: var(--awb-color4);\">Cell Lloret es reserva el dret a modificar unilateralment, en qualsevol moment i sense previ av\u00eds, la presentaci\u00f3, configuraci\u00f3 i continguts del web.<\/p>\n<p style=\"color: var(--awb-color4);\">Cell Lloret no ser\u00e0 responsable de la informaci\u00f3 que es pot obtenir a trav\u00e9s d\u2019enlla\u00e7os inclosos en el lloc.<\/p>\n<p style=\"color: var(--awb-color4);\">\u00a0<\/p>\n<p><strong style=\"color: var(--awb-color4); font-size: 20px;\" data-fusion-font=\"true\">Condicions d&#8217;us<\/strong><\/p>\n<p style=\"color: var(--awb-color4);\">L\u2019\u00fas d\u2019aquest lloc web implica l\u2019acceptaci\u00f3 plena dels termes i condicions del present av\u00eds legal. Els possibles conflictes relatius a aquest web es regiran exclusivament pel dret de l\u2019Estat espanyol. Tota persona usu\u00e0ria del web, independentment de la jurisdicci\u00f3 territorial des de la qual es produeixi el seu acc\u00e9s, accepta el compliment i respecte d\u2019aquestes cl\u00e0usules amb ren\u00fancia expressa a qualsevol altre fur que pogu\u00e9s correspondre.<\/p>\n<\/div><\/div><\/div><\/div><\/div>","protected":false},"excerpt":{"rendered":"","protected":false},"author":3,"featured_media":0,"parent":0,"menu_order":1000,"comment_status":"closed","ping_status":"closed","template":"","meta":{"footnotes":""},"class_list":["post-1033","page","type-page","status-publish","hentry"],"yoast_head":"<!-- This site is optimized with the Yoast SEO plugin v27.3 - https:\/\/yoast.com\/product\/yoast-seo-wordpress\/ -->\n<title>Nota Legal - Cell Lloret<\/title>\n<meta name=\"robots\" content=\"index, follow, max-snippet:-1, max-image-preview:large, max-video-preview:-1\" \/>\n<link rel=\"canonical\" href=\"https:\/\/cell.cat\/ca\/nota-legal\/\" \/>\n<meta property=\"og:locale\" content=\"ca_ES\" \/>\n<meta property=\"og:type\" content=\"article\" \/>\n<meta property=\"og:title\" content=\"Nota Legal - Cell Lloret\" \/>\n<meta property=\"og:url\" content=\"https:\/\/cell.cat\/ca\/nota-legal\/\" \/>\n<meta property=\"og:site_name\" content=\"Cell Lloret\" \/>\n<meta property=\"article:modified_time\" content=\"2024-08-19T12:14:27+00:00\" \/>\n<meta name=\"twitter:card\" content=\"summary_large_image\" \/>\n<meta name=\"twitter:label1\" content=\"Temps estimat de lectura\" \/>\n\t<meta name=\"twitter:data1\" content=\"3 minuts\" \/>\n<script type=\"application\/ld+json\" class=\"yoast-schema-graph\">{\"@context\":\"https:\\\/\\\/schema.org\",\"@graph\":[{\"@type\":\"WebPage\",\"@id\":\"https:\\\/\\\/cell.cat\\\/ca\\\/nota-legal\\\/\",\"url\":\"https:\\\/\\\/cell.cat\\\/ca\\\/nota-legal\\\/\",\"name\":\"Nota Legal - Cell Lloret\",\"isPartOf\":{\"@id\":\"https:\\\/\\\/cell.cat\\\/ca\\\/#website\"},\"datePublished\":\"2024-06-12T11:57:17+00:00\",\"dateModified\":\"2024-08-19T12:14:27+00:00\",\"breadcrumb\":{\"@id\":\"https:\\\/\\\/cell.cat\\\/ca\\\/nota-legal\\\/#breadcrumb\"},\"inLanguage\":\"ca\",\"potentialAction\":[{\"@type\":\"ReadAction\",\"target\":[\"https:\\\/\\\/cell.cat\\\/ca\\\/nota-legal\\\/\"]}]},{\"@type\":\"BreadcrumbList\",\"@id\":\"https:\\\/\\\/cell.cat\\\/ca\\\/nota-legal\\\/#breadcrumb\",\"itemListElement\":[{\"@type\":\"ListItem\",\"position\":1,\"name\":\"Inici\",\"item\":\"https:\\\/\\\/cell.cat\\\/ca\\\/\"},{\"@type\":\"ListItem\",\"position\":2,\"name\":\"Nota Legal\"}]},{\"@type\":\"WebSite\",\"@id\":\"https:\\\/\\\/cell.cat\\\/ca\\\/#website\",\"url\":\"https:\\\/\\\/cell.cat\\\/ca\\\/\",\"name\":\"Cell Lloret\",\"description\":\"\",\"potentialAction\":[{\"@type\":\"SearchAction\",\"target\":{\"@type\":\"EntryPoint\",\"urlTemplate\":\"https:\\\/\\\/cell.cat\\\/ca\\\/?s={search_term_string}\"},\"query-input\":{\"@type\":\"PropertyValueSpecification\",\"valueRequired\":true,\"valueName\":\"search_term_string\"}}],\"inLanguage\":\"ca\"}]}<\/script>\n<!-- \/ Yoast SEO plugin. -->","yoast_head_json":{"title":"Nota Legal - Cell Lloret","robots":{"index":"index","follow":"follow","max-snippet":"max-snippet:-1","max-image-preview":"max-image-preview:large","max-video-preview":"max-video-preview:-1"},"canonical":"https:\/\/cell.cat\/ca\/nota-legal\/","og_locale":"ca_ES","og_type":"article","og_title":"Nota Legal - Cell Lloret","og_url":"https:\/\/cell.cat\/ca\/nota-legal\/","og_site_name":"Cell Lloret","article_modified_time":"2024-08-19T12:14:27+00:00","twitter_card":"summary_large_image","twitter_misc":{"Temps estimat de lectura":"3 minuts"},"schema":{"@context":"https:\/\/schema.org","@graph":[{"@type":"WebPage","@id":"https:\/\/cell.cat\/ca\/nota-legal\/","url":"https:\/\/cell.cat\/ca\/nota-legal\/","name":"Nota Legal - Cell Lloret","isPartOf":{"@id":"https:\/\/cell.cat\/ca\/#website"},"datePublished":"2024-06-12T11:57:17+00:00","dateModified":"2024-08-19T12:14:27+00:00","breadcrumb":{"@id":"https:\/\/cell.cat\/ca\/nota-legal\/#breadcrumb"},"inLanguage":"ca","potentialAction":[{"@type":"ReadAction","target":["https:\/\/cell.cat\/ca\/nota-legal\/"]}]},{"@type":"BreadcrumbList","@id":"https:\/\/cell.cat\/ca\/nota-legal\/#breadcrumb","itemListElement":[{"@type":"ListItem","position":1,"name":"Inici","item":"https:\/\/cell.cat\/ca\/"},{"@type":"ListItem","position":2,"name":"Nota Legal"}]},{"@type":"WebSite","@id":"https:\/\/cell.cat\/ca\/#website","url":"https:\/\/cell.cat\/ca\/","name":"Cell Lloret","description":"","potentialAction":[{"@type":"SearchAction","target":{"@type":"EntryPoint","urlTemplate":"https:\/\/cell.cat\/ca\/?s={search_term_string}"},"query-input":{"@type":"PropertyValueSpecification","valueRequired":true,"valueName":"search_term_string"}}],"inLanguage":"ca"}]}},"_links":{"self":[{"href":"https:\/\/cell.cat\/ca\/wp-json\/wp\/v2\/pages\/1033","targetHints":{"allow":["GET"]}}],"collection":[{"href":"https:\/\/cell.cat\/ca\/wp-json\/wp\/v2\/pages"}],"about":[{"href":"https:\/\/cell.cat\/ca\/wp-json\/wp\/v2\/types\/page"}],"author":[{"embeddable":true,"href":"https:\/\/cell.cat\/ca\/wp-json\/wp\/v2\/users\/3"}],"replies":[{"embeddable":true,"href":"https:\/\/cell.cat\/ca\/wp-json\/wp\/v2\/comments?post=1033"}],"version-history":[{"count":1,"href":"https:\/\/cell.cat\/ca\/wp-json\/wp\/v2\/pages\/1033\/revisions"}],"predecessor-version":[{"id":2501,"href":"https:\/\/cell.cat\/ca\/wp-json\/wp\/v2\/pages\/1033\/revisions\/2501"}],"wp:attachment":[{"href":"https:\/\/cell.cat\/ca\/wp-json\/wp\/v2\/media?parent=1033"}],"curies":[{"name":"wp","href":"https:\/\/api.w.org\/{rel}","templated":true}]}}