{"id":1027,"date":"2024-06-12T11:36:19","date_gmt":"2024-06-12T11:36:19","guid":{"rendered":"https:\/\/cell.cat\/?page_id=1027"},"modified":"2024-08-19T12:13:51","modified_gmt":"2024-08-19T12:13:51","slug":"politica-cookies","status":"publish","type":"page","link":"https:\/\/cell.cat\/ca\/politica-cookies\/","title":{"rendered":"Pol\u00edtica de Cookies"},"content":{"rendered":"<div class=\"fusion-fullwidth fullwidth-box fusion-builder-row-1 fusion-flex-container nonhundred-percent-fullwidth non-hundred-percent-height-scrolling\" style=\"--awb-border-radius-top-left:0px;--awb-border-radius-top-right:0px;--awb-border-radius-bottom-right:0px;--awb-border-radius-bottom-left:0px;--awb-flex-wrap:wrap;\" ><div class=\"fusion-builder-row fusion-row fusion-flex-align-items-flex-start fusion-flex-content-wrap\" style=\"max-width:1248px;margin-left: calc(-4% \/ 2 );margin-right: calc(-4% \/ 2 );\"><div class=\"fusion-layout-column fusion_builder_column fusion-builder-column-0 fusion_builder_column_1_1 1_1 fusion-flex-column\" style=\"--awb-bg-blend:overlay;--awb-bg-size:cover;--awb-width-large:100%;--awb-margin-top-large:0px;--awb-spacing-right-large:1.92%;--awb-margin-bottom-large:0px;--awb-spacing-left-large:1.92%;--awb-width-medium:100%;--awb-order-medium:0;--awb-spacing-right-medium:1.92%;--awb-spacing-left-medium:1.92%;--awb-width-small:100%;--awb-order-small:0;--awb-spacing-right-small:1.92%;--awb-spacing-left-small:1.92%;\" data-scroll-devices=\"small-visibility,medium-visibility,large-visibility\"><div class=\"fusion-column-wrapper fusion-column-has-shadow fusion-flex-justify-content-flex-start fusion-content-layout-column\"><div class=\"fusion-text fusion-text-1\"><\/p>\n<h2 class=\"wp-block-heading\" style=\"--fontsize: 40; line-height: 1.2;\" data-fontsize=\"40\" data-lineheight=\"48px\"><b style=\"font-family: var(--awb-text-font-family); font-style: var(--awb-text-font-style); letter-spacing: var(--awb-letter-spacing); text-align: var(--awb-content-alignment); text-transform: var(--awb-text-transform); background-color: var(--awb-bg-color); font-size: 20px; color: var(--awb-color4);\" data-fusion-font=\"true\">1. Introducci\u00f3<\/b><\/h2>\n<p style=\"color: var(--awb-color4);\">El nostre lloc web, https:\/\/www.cell.cat (d&#8217;ara endavant &#8220;el lloc web&#8221;) utilitza galetes i altres tecnologies relacionades (per comoditat, totes les tecnologies es denominen &#8220;galetes&#8221;). Les galetes tamb\u00e9 s\u00f3n col\u00b7locades per tercers que hem contractat. En el document seg\u00fcent us informem sobre l&#8217;\u00fas de les galetes al nostre lloc web.<\/p>\n<p style=\"color: var(--awb-color4);\">\n<p style=\"font-size: 20px;\"><b style=\"color: var(--awb-color4);\"><br><\/b><\/p>\n<p style=\"font-size: 20px;\"><b style=\"color: var(--awb-color4);\">2. Qu\u00e8 s\u00f3n les cookies?<\/b><\/p>\n<p style=\"color: var(--awb-color4);\">Una galeta \u00e9s un fitxer petit i senzill que s&#8217;envia juntament amb p\u00e0gines d&#8217;aquest lloc web i que el vostre navegador emmagatzema al disc dur de l&#8217;ordinador o un altre dispositiu. La informaci\u00f3 emmagatzemada en ell es pot tornar als nostres servidors o als servidors dels tercers corresponents durant una visita posterior.<\/p>\n<p style=\"color: var(--awb-color4);\">\n<p style=\"font-size: 20px;\" data-fusion-font=\"true\"><b style=\"color: var(--awb-color4);\"><br><\/b><\/p>\n<p style=\"font-size: 20px;\" data-fusion-font=\"true\"><b style=\"color: var(--awb-color4);\">3. Quins s\u00f3n els scripts?<\/b><\/p>\n<p style=\"color: var(--awb-color4);\">Un script \u00e9s una pe\u00e7a de codi de programari que s&#8217;utilitza per a que el nostre web funcioni correctament i interactivament. Aquest codi s&#8217;executa al nostre servidor o al vostre dispositiu.<\/p>\n<p style=\"color: var(--awb-color4);\">\n<p style=\"font-size: 20px;\" data-fusion-font=\"true\"><b style=\"color: var(--awb-color4);\"><br><\/b><\/p>\n<p style=\"font-size: 20px;\" data-fusion-font=\"true\"><b style=\"color: var(--awb-color4);\">4. Qu\u00e8 \u00e9s un web beacon?<\/b><\/p>\n<p style=\"color: var(--awb-color4);\">Una balisa web (o una etiqueta de p\u00edxel) \u00e9s una petita i invisible pe\u00e7a de text o imatge en un lloc web que s&#8217;utilitza per controlar el tr\u00e0nsit d&#8217;un lloc web. Per fer-ho, s&#8217;emmagatzemen diverses dades utilitzant balises web.<\/p>\n<p style=\"color: var(--awb-color4);\">\n<p style=\"font-size: 20px;\" data-fusion-font=\"true\"><b style=\"color: var(--awb-color4);\"><br><\/b><\/p>\n<p style=\"font-size: 20px;\" data-fusion-font=\"true\"><b style=\"color: var(--awb-color4);\">5. Galetes<\/b><\/p>\n<\/p>\n<p style=\"padding-left: 40px;\"><b style=\"color: var(--awb-color4);\">5.1 Galetes t\u00e8cniques o funcionals<\/b><\/p>\n<p style=\"color: var(--awb-color4);\">\n<p style=\"padding-left: 40px; color: var(--awb-color4);\">Algunes galetes asseguren que certes parts del lloc web funcionen correctament i que les prefer\u00e8ncies dels usuaris segueixin sent conegudes. Utilitzant galetes funcionals, us facilitem que visiteu el nostre lloc web. D&#8217;aquesta manera, no cal que introdu\u00efu repetidament la mateixa informaci\u00f3 quan visiteu el nostre lloc web i, per exemple, els elements romanen al carret\u00f3 de la compra fins que h\u00e0giu pagat. Podem posar aquestes galetes sense el vostre consentiment.<\/p>\n<\/p>\n<p style=\"padding-left: 40px;\"><b style=\"color: var(--awb-color4);\">5.2 Cookies de m\u00e0rqueting\/rastreig<\/b><\/p>\n<p style=\"color: var(--awb-color4);\">\n<p style=\"padding-left: 40px; color: var(--awb-color4);\">Les cookies de m\u00e0rqueting o de rastreig s\u00f3n cookies o qualsevol altra forma d&#8217;emmagatzematge local, utilitzat per crear perfils d&#8217;usuari per mostrar anuncis o per rastrejar l&#8217;usuari en aquest lloc web o a trav\u00e9s d&#8217;altres llocs web per a prop\u00f2sits de m\u00e0rqueting similars.<\/p>\n<\/p>\n<p style=\"padding-left: 40px;\"><b style=\"color: var(--awb-color4);\">5.3 Social media<\/b><\/p>\n<p style=\"color: var(--awb-color4);\">\n<p style=\"padding-left: 40px; color: var(--awb-color4);\">On our website, we have included content from Instagram to promote web pages (e.g. \u201clike\u201d, \u201cpin\u201d) or share (e.g. \u201ctweet\u201d) on social networks like Instagram. This content is embedded with code derived from Instagram and places cookies. This content might store and process certain information for personalized advertising.<\/p>\n<p style=\"padding-left: 40px; color: var(--awb-color4);\">Llegiu, si us plau, la pol\u00edtica de privacitat d&#8217;aquestes xarxes socials (que poden canviar regularment) per entendre qu\u00e8 fan amb les vostres dades personals processades utilitzant aquestes cookies. Les dades recuperades s\u00f3n anonimitzades el m\u00e0xim possible. Instagram est\u00e0 ubicat als Estats Units d&#8217;Am\u00e8rica.<\/p>\n<p style=\"padding-left: 40px; color: var(--awb-color4);\">\n<p><b style=\"font-family: var(--awb-text-font-family); font-style: var(--awb-text-font-style); letter-spacing: var(--awb-letter-spacing); text-align: var(--awb-content-alignment); text-transform: var(--awb-text-transform); background-color: var(--awb-bg-color-hover); font-size: 20px; color: var(--awb-color4);\" data-fusion-font=\"true\"><br><\/b><\/p>\n<p><b style=\"font-family: var(--awb-text-font-family); font-style: var(--awb-text-font-style); letter-spacing: var(--awb-letter-spacing); text-align: var(--awb-content-alignment); text-transform: var(--awb-text-transform); background-color: var(--awb-bg-color-hover); font-size: 20px; color: var(--awb-color4);\" data-fusion-font=\"true\">6. Galetes col\u00b7locades<\/b><\/p>\n<p style=\"color: var(--awb-color4);\">\n<ul>\n<li><a style=\"color: var(--awb-color4);\" href=\"https:\/\/cookiedatabase.org\/service\/google-recaptcha\/\">Google reCAPTCHA<\/a><span style=\"color: var(--awb-color4);\">: <\/span><span style=\"font-family: var(--awb-text-font-family); font-size: var(--awb-font-size); font-style: var(--awb-text-font-style); font-weight: var(--awb-text-font-weight); letter-spacing: var(--awb-letter-spacing); text-align: var(--awb-content-alignment); text-transform: var(--awb-text-transform); background-color: var(--awb-bg-color-hover); color: var(--awb-color4);\">Funcional, M\u00e0rqueting\/Seguiment. Utilitzem Google reCAPTCHA per a prevenci\u00f3 de spam.<\/span><\/li>\n<li><span style=\"color: var(--awb-text-color); font-family: var(--awb-text-font-family); font-size: var(--awb-font-size); font-style: var(--awb-text-font-style); font-weight: var(--awb-text-font-weight); letter-spacing: var(--awb-letter-spacing); text-align: var(--awb-content-alignment); text-transform: var(--awb-text-transform); background-color: var(--awb-bg-color-hover);\"><a style=\"color: var(--awb-color4);\" href=\"https:\/\/cookiedatabase.org\/service\/woocommerce\/\">WooCommerce:<\/a> <\/span><span style=\"font-family: var(--awb-text-font-family); font-size: var(--awb-font-size); font-style: var(--awb-text-font-style); font-weight: var(--awb-text-font-weight); letter-spacing: var(--awb-letter-spacing); text-align: var(--awb-content-alignment); text-transform: var(--awb-text-transform); background-color: var(--awb-bg-color-hover); color: var(--awb-color4);\">Estad\u00edstiques. Utilitzem WooCommerce per a gesti\u00f3 del webshop<\/span><\/li>\n<li><span style=\"color: var(--awb-text-color); font-family: var(--awb-text-font-family); font-size: var(--awb-font-size); font-style: var(--awb-text-font-style); font-weight: var(--awb-text-font-weight); letter-spacing: var(--awb-letter-spacing); text-align: var(--awb-content-alignment); text-transform: var(--awb-text-transform); background-color: var(--awb-bg-color-hover);\"><a style=\"color: var(--awb-color4);\" href=\"https:\/\/cookiedatabase.org\/service\/wpml\/\">WPML:<\/a><span style=\"color: var(--awb-color4);\"> Funcional. <\/span><\/span><span style=\"font-family: var(--awb-text-font-family); font-size: var(--awb-font-size); font-style: var(--awb-text-font-style); font-weight: var(--awb-text-font-weight); letter-spacing: var(--awb-letter-spacing); text-align: var(--awb-content-alignment); text-transform: var(--awb-text-transform); background-color: var(--awb-bg-color-hover); color: var(--awb-color4);\">Emmagatzema la configuraci\u00f3 de l&#8217;idiomes. <\/span><span style=\"background-color: var(--awb-bg-color-hover); font-family: var(--awb-text-font-family); font-size: var(--awb-font-size); font-style: var(--awb-text-font-style); font-weight: var(--awb-text-font-weight); letter-spacing: var(--awb-letter-spacing); text-align: var(--awb-content-alignment); text-transform: var(--awb-text-transform); color: var(--awb-color4);\">Utilitzem WPML per a gesti\u00f3 local.<\/span><\/li>\n<li><span style=\"color: var(--awb-text-color); font-family: var(--awb-text-font-family); font-size: var(--awb-font-size); font-style: var(--awb-text-font-style); font-weight: var(--awb-text-font-weight); letter-spacing: var(--awb-letter-spacing); text-align: var(--awb-content-alignment); text-transform: var(--awb-text-transform); background-color: var(--awb-bg-color);\"><a style=\"color: var(--awb-color4);\" href=\"https:\/\/cookiedatabase.org\/service\/complianz\/\">Complianz:<\/a><span style=\"color: var(--awb-color4);\"> Funcional. <\/span><\/span><span style=\"font-family: var(--awb-text-font-family); font-size: var(--awb-font-size); font-style: var(--awb-text-font-style); font-weight: var(--awb-text-font-weight); letter-spacing: var(--awb-letter-spacing); text-align: var(--awb-content-alignment); text-transform: var(--awb-text-transform); background-color: var(--awb-bg-color-hover); color: var(--awb-color4);\">Utilitzem Complianz per a gesti\u00f3 del consentiment de cookies.<\/span><\/li>\n<li><span style=\"color: var(--awb-text-color); font-family: var(--awb-text-font-family); font-size: var(--awb-font-size); font-style: var(--awb-text-font-style); font-weight: var(--awb-text-font-weight); letter-spacing: var(--awb-letter-spacing); text-align: var(--awb-content-alignment); text-transform: var(--awb-text-transform); background-color: var(--awb-bg-color-hover);\"><a style=\"color: var(--awb-color4);\" href=\"https:\/\/cookiedatabase.org\/service\/google-fonts\/\">Google Fonts: <\/a><\/span><span style=\"font-family: var(--awb-text-font-family); font-size: var(--awb-font-size); font-style: var(--awb-text-font-style); font-weight: var(--awb-text-font-weight); letter-spacing: var(--awb-letter-spacing); text-align: var(--awb-content-alignment); text-transform: var(--awb-text-transform); background-color: var(--awb-bg-color-hover); color: var(--awb-color4);\">M\u00e0rqueting\/Seguiment. Utilitzem Google Fonts per a visualitzaci\u00f3 de fonts web.<\/span><\/li>\n<li><a style=\"font-family: var(--awb-text-font-family); font-size: var(--awb-font-size); font-style: var(--awb-text-font-style); font-weight: var(--awb-text-font-weight); letter-spacing: var(--awb-letter-spacing); text-align: var(--awb-content-alignment); text-transform: var(--awb-text-transform); background-color: var(--awb-bg-color); color: var(--awb-color4);\" href=\"https:\/\/cookiedatabase.org\/service\/instagram\/\">Instagram. <\/a><span style=\"font-family: var(--awb-text-font-family); font-size: var(--awb-font-size); font-style: var(--awb-text-font-style); font-weight: var(--awb-text-font-weight); letter-spacing: var(--awb-letter-spacing); text-align: var(--awb-content-alignment); text-transform: var(--awb-text-transform); background-color: var(--awb-bg-color-hover); color: var(--awb-color4);\">M\u00e0rqueting\/Seguiment. Utilitzem Instagram per a visualitzaci\u00f3 de publicacions socials recents i\/o botons de compartici\u00f3 social.<\/span><\/li>\n<li><span style=\"font-family: var(--awb-text-font-family); font-size: var(--awb-font-size); font-style: var(--awb-text-font-style); font-weight: var(--awb-text-font-weight); letter-spacing: var(--awb-letter-spacing); text-align: var(--awb-content-alignment); text-transform: var(--awb-text-transform); background-color: var(--awb-bg-color-hover); color: var(--awb-color4);\">Miscel\u00b7l\u00e0nia. Prop\u00f2sit pendent d&#8217;investigaci\u00f3.<\/span><\/li>\n<\/ul>\n<p><span style=\"color: var(--awb-text-color); font-family: var(--awb-text-font-family); font-size: var(--awb-font-size); font-style: var(--awb-text-font-style); font-weight: var(--awb-text-font-weight); letter-spacing: var(--awb-letter-spacing); text-align: var(--awb-content-alignment); text-transform: var(--awb-text-transform); background-color: var(--awb-bg-color-hover);\"> <\/span><\/p>\n<p><span style=\"color: var(--awb-text-color); font-family: var(--awb-text-font-family); font-size: var(--awb-font-size); font-style: var(--awb-text-font-style); letter-spacing: var(--awb-letter-spacing); text-align: var(--awb-content-alignment); text-transform: var(--awb-text-transform); background-color: var(--awb-bg-color-hover);\"><b style=\"font-size: 20px; color: var(--awb-color4);\" data-fusion-font=\"true\">7. Consentiment<\/b><\/span><\/p>\n<p style=\"color: var(--awb-color4);\">Quan visiteu el nostre lloc web per primera vegada, us mostrarem un missatge emergent amb una explicaci\u00f3 sobre les cookies. Tan bon punt com feu clic a &#8220;Desa les prefer\u00e8ncies&#8221;, ens consentiu a utilitzar les categories de cookies i extensions que heu seleccionat al missatge emergent, tal i com es descriu en aquesta Pol\u00edtica de cookies. Podeu desactivar l\u2019\u00fas de cookies a trav\u00e9s del vostre navegador, per\u00f2 tingueu en compte que pot ser que el nostre lloc web ja no funcioni correctament.<\/p>\n<p style=\"padding-left: 40px;\"><b style=\"color: var(--awb-color4);\">7.1 Gestioneu les vostres prefer\u00e8ncies de consentiment<\/b><\/p>\n<p style=\"padding-left: 40px;\"><b style=\"color: var(--awb-color4);\">Funcional<\/b><span style=\"color: var(--awb-color4);\">. L&#8217;emmagatzematge o acc\u00e9s t\u00e8cnic \u00e9s estrictament necessari amb la finalitat leg\u00edtima de permetre l&#8217;\u00fas d&#8217;un determinat servei sol\u00b7licitat expl\u00edcitament per l&#8217;abonat o usuari, o amb l&#8217;\u00fanica finalitat de realitzar la transmissi\u00f3 d&#8217;una comunicaci\u00f3 a trav\u00e9s d&#8217;una xarxa de comunicacions electr\u00f2niques.<\/span><\/p>\n<p style=\"padding-left: 40px;\"><span style=\"font-family: var(--awb-text-font-family); font-size: var(--awb-font-size); font-style: var(--awb-text-font-style); letter-spacing: var(--awb-letter-spacing); text-align: var(--awb-content-alignment); text-transform: var(--awb-text-transform); background-color: var(--awb-bg-color-hover);\"><b style=\"color: var(--awb-color4);\">M\u00e0rqueting. <\/b><\/span><span style=\"font-family: var(--awb-text-font-family); font-size: var(--awb-font-size); font-style: var(--awb-text-font-style); font-weight: var(--awb-text-font-weight); letter-spacing: var(--awb-letter-spacing); text-align: var(--awb-content-alignment); text-transform: var(--awb-text-transform); background-color: var(--awb-bg-color-hover); color: var(--awb-color4);\">L&#8217;emmagatzematge t\u00e8cnic o l&#8217;acc\u00e9s s\u00f3n necessaris per crear perfils d&#8217;usuari per enviar publicitat o per fer el seguiment de l&#8217;usuari en un lloc web o en diversos llocs web amb finalitats de m\u00e0rqueting similars.<\/span><\/p>\n<p style=\"padding-left: 40px;\"><span style=\"color: var(--awb-text-color); font-family: var(--awb-text-font-family); font-size: var(--awb-font-size); font-style: var(--awb-text-font-style); font-weight: var(--awb-text-font-weight); letter-spacing: var(--awb-letter-spacing); text-align: var(--awb-content-alignment); text-transform: var(--awb-text-transform); background-color: var(--awb-bg-color-hover);\"> <\/span><\/p>\n<p><b style=\"font-size: 20px; color: var(--awb-color4);\" data-fusion-font=\"true\">8. Activaci\u00f3 \/ desactivaci\u00f3 i eliminaci\u00f3 de galetes<\/b><\/p>\n<p style=\"color: var(--awb-color4);\">Podeu utilitzar el navegador per a esborrar les cookies autom\u00e0ticament o manualment. A m\u00e9s, podeu especificar que determinades cookies no siguin col\u00b7locades. Una altra opci\u00f3 \u00e9s canviar les prefer\u00e8ncies del vostre navegador per a rebre un missatge cada cop que una cookie \u00e9s col\u00b7locada. Per a m\u00e9s informaci\u00f3, podeu consultar les instruccions a l&#8217;Ajuda del vostre navegador.<\/p>\n<p style=\"color: var(--awb-color4);\">Please note that our website may not work properly if all cookies are disabled. If you do delete the cookies in your browser, they will be placed again after your consent when you visit our website again.<\/p>\n<p style=\"font-size: 20px;\" data-fusion-font=\"true\"><b> <\/b><\/p>\n<p style=\"font-size: 20px;\" data-fusion-font=\"true\"><b style=\"color: var(--awb-color4);\">9. Els vostres drets respecte de les dades personals<\/b><\/p>\n<p style=\"color: var(--awb-color4);\">Teniu els drets seg\u00fcents respecte a les vostres dades personals:<\/p>\n<ul>\n<li><span style=\"color: var(--awb-color4);\">Teniu dret a saber per qu\u00e8 es necessiten les vostres dades personals, qu\u00e8 li passar\u00e0 i quant de temps es mantindr\u00e0.<\/span><\/li>\n<li><span style=\"color: var(--awb-color4);\">Dret d&#8217;acc\u00e9s: teniu dret a accedir a les vostres dades personals que ens s\u00f3n conegudes.<\/span><\/li>\n<li><span style=\"color: var(--awb-color4);\">Dret de rectificaci\u00f3: teniu dret a completar, corregir, suprimir o bloquejar les vostres dades personals sempre que ho desitgeu.<\/span><\/li>\n<li><span style=\"color: var(--awb-color4);\">Si ens doneu el consentiment per processar les seves dades, teniu el dret de revocar aquest consentiment i de suprimir les vostres dades personals.<\/span><\/li>\n<li><span style=\"color: var(--awb-color4);\">Dret de transferir les vostres dades: teniu el dret de sol\u00b7licitar totes les dades personals del controlador i transferir-les en la seva totalitat a un altre controlador.<\/span><\/li>\n<li><span style=\"color: var(--awb-color4);\">Dret a l&#8217;oposici\u00f3: podeu oposar-vos al processament de les vostres dades. Complim amb aix\u00f2, tret que hi hagi motius justificats per al processament.<\/span><\/li>\n<\/ul>\n<p style=\"color: var(--awb-color4);\">Per exercir aquests drets, poseu-vos en contacte amb nosaltres. Consulteu les dades de contacte a la part inferior d&#8217;aquesta Pol\u00edtica de cookies. Si teniu una queixa sobre com gestionem les vostres dades, ens agradaria escoltar-vos, per\u00f2 tamb\u00e9 teniu el dret de presentar una reclamaci\u00f3 a l&#8217;autoritat de supervisi\u00f3 (l&#8217;Ag\u00e8ncia de Protecci\u00f3 de Dades).<\/p>\n<p style=\"color: var(--awb-color4);\">\n<p><b style=\"font-size: 20px; color: var(--awb-color4);\" data-fusion-font=\"true\"><br><\/b><\/p>\n<p><b style=\"font-size: 20px; color: var(--awb-color4);\" data-fusion-font=\"true\">10. Detalls de contacte<\/b><\/p>\n<p style=\"color: var(--awb-color4);\">Per a preguntes i\/o comentaris sobre la nostra Pol\u00edtica de cookies i aquesta declaraci\u00f3, poseu-vos en contacte amb nosaltres mitjan\u00e7ant les seg\u00fcents dades de contacte:<\/p>\n<ul>\n<li><span style=\"color: var(--awb-color4);\">Espanya<\/span><\/li>\n<li><span style=\"color: var(--awb-color4);\">Lloc web: https:\/\/www.cell.cat<\/span><\/li>\n<li><span style=\"color: var(--awb-color4);\">Correu elect<span style=\"color: rgb(99, 42, 130);\">r\u00f2nic: <\/span><\/span><span style=\"color: rgb(99, 42, 130);\">info@cell.cat<\/span><\/li>\n<li><span style=\"color: var(--awb-color4);\">This Cookie Policy was synchronized with cookiedatabase.org on gener 28, 2023.<\/span><\/li>\n<\/ul>\n<div>\n<div> <\/div>\n<\/div>\n<\/div><\/div><\/div><\/div><\/div>","protected":false},"excerpt":{"rendered":"","protected":false},"author":3,"featured_media":0,"parent":0,"menu_order":3000,"comment_status":"closed","ping_status":"closed","template":"","meta":{"footnotes":""},"class_list":["post-1027","page","type-page","status-publish","hentry"],"yoast_head":"<!-- This site is optimized with the Yoast SEO plugin v27.5 - https:\/\/yoast.com\/product\/yoast-seo-wordpress\/ -->\n<title>Pol\u00edtica de Cookies - Cell Lloret<\/title>\n<meta name=\"robots\" content=\"index, follow, max-snippet:-1, max-image-preview:large, max-video-preview:-1\" \/>\n<link rel=\"canonical\" href=\"https:\/\/cell.cat\/ca\/politica-cookies\/\" \/>\n<meta property=\"og:locale\" content=\"ca_ES\" \/>\n<meta property=\"og:type\" content=\"article\" \/>\n<meta property=\"og:title\" content=\"Pol\u00edtica de Cookies - Cell Lloret\" \/>\n<meta property=\"og:url\" content=\"https:\/\/cell.cat\/ca\/politica-cookies\/\" \/>\n<meta property=\"og:site_name\" content=\"Cell Lloret\" \/>\n<meta property=\"article:modified_time\" content=\"2024-08-19T12:13:51+00:00\" \/>\n<meta name=\"twitter:card\" content=\"summary_large_image\" \/>\n<meta name=\"twitter:label1\" content=\"Temps estimat de lectura\" \/>\n\t<meta name=\"twitter:data1\" content=\"6 minuts\" \/>\n<script type=\"application\/ld+json\" class=\"yoast-schema-graph\">{\"@context\":\"https:\\\/\\\/schema.org\",\"@graph\":[{\"@type\":\"WebPage\",\"@id\":\"https:\\\/\\\/cell.cat\\\/ca\\\/politica-cookies\\\/\",\"url\":\"https:\\\/\\\/cell.cat\\\/ca\\\/politica-cookies\\\/\",\"name\":\"Pol\u00edtica de Cookies - Cell Lloret\",\"isPartOf\":{\"@id\":\"https:\\\/\\\/cell.cat\\\/ca\\\/#website\"},\"datePublished\":\"2024-06-12T11:36:19+00:00\",\"dateModified\":\"2024-08-19T12:13:51+00:00\",\"breadcrumb\":{\"@id\":\"https:\\\/\\\/cell.cat\\\/ca\\\/politica-cookies\\\/#breadcrumb\"},\"inLanguage\":\"ca\",\"potentialAction\":[{\"@type\":\"ReadAction\",\"target\":[\"https:\\\/\\\/cell.cat\\\/ca\\\/politica-cookies\\\/\"]}]},{\"@type\":\"BreadcrumbList\",\"@id\":\"https:\\\/\\\/cell.cat\\\/ca\\\/politica-cookies\\\/#breadcrumb\",\"itemListElement\":[{\"@type\":\"ListItem\",\"position\":1,\"name\":\"Inici\",\"item\":\"https:\\\/\\\/cell.cat\\\/ca\\\/\"},{\"@type\":\"ListItem\",\"position\":2,\"name\":\"Pol\u00edtica de Cookies\"}]},{\"@type\":\"WebSite\",\"@id\":\"https:\\\/\\\/cell.cat\\\/ca\\\/#website\",\"url\":\"https:\\\/\\\/cell.cat\\\/ca\\\/\",\"name\":\"Cell Lloret\",\"description\":\"\",\"potentialAction\":[{\"@type\":\"SearchAction\",\"target\":{\"@type\":\"EntryPoint\",\"urlTemplate\":\"https:\\\/\\\/cell.cat\\\/ca\\\/?s={search_term_string}\"},\"query-input\":{\"@type\":\"PropertyValueSpecification\",\"valueRequired\":true,\"valueName\":\"search_term_string\"}}],\"inLanguage\":\"ca\"}]}<\/script>\n<!-- \/ Yoast SEO plugin. -->","yoast_head_json":{"title":"Pol\u00edtica de Cookies - Cell Lloret","robots":{"index":"index","follow":"follow","max-snippet":"max-snippet:-1","max-image-preview":"max-image-preview:large","max-video-preview":"max-video-preview:-1"},"canonical":"https:\/\/cell.cat\/ca\/politica-cookies\/","og_locale":"ca_ES","og_type":"article","og_title":"Pol\u00edtica de Cookies - Cell Lloret","og_url":"https:\/\/cell.cat\/ca\/politica-cookies\/","og_site_name":"Cell Lloret","article_modified_time":"2024-08-19T12:13:51+00:00","twitter_card":"summary_large_image","twitter_misc":{"Temps estimat de lectura":"6 minuts"},"schema":{"@context":"https:\/\/schema.org","@graph":[{"@type":"WebPage","@id":"https:\/\/cell.cat\/ca\/politica-cookies\/","url":"https:\/\/cell.cat\/ca\/politica-cookies\/","name":"Pol\u00edtica de Cookies - Cell Lloret","isPartOf":{"@id":"https:\/\/cell.cat\/ca\/#website"},"datePublished":"2024-06-12T11:36:19+00:00","dateModified":"2024-08-19T12:13:51+00:00","breadcrumb":{"@id":"https:\/\/cell.cat\/ca\/politica-cookies\/#breadcrumb"},"inLanguage":"ca","potentialAction":[{"@type":"ReadAction","target":["https:\/\/cell.cat\/ca\/politica-cookies\/"]}]},{"@type":"BreadcrumbList","@id":"https:\/\/cell.cat\/ca\/politica-cookies\/#breadcrumb","itemListElement":[{"@type":"ListItem","position":1,"name":"Inici","item":"https:\/\/cell.cat\/ca\/"},{"@type":"ListItem","position":2,"name":"Pol\u00edtica de Cookies"}]},{"@type":"WebSite","@id":"https:\/\/cell.cat\/ca\/#website","url":"https:\/\/cell.cat\/ca\/","name":"Cell Lloret","description":"","potentialAction":[{"@type":"SearchAction","target":{"@type":"EntryPoint","urlTemplate":"https:\/\/cell.cat\/ca\/?s={search_term_string}"},"query-input":{"@type":"PropertyValueSpecification","valueRequired":true,"valueName":"search_term_string"}}],"inLanguage":"ca"}]}},"_links":{"self":[{"href":"https:\/\/cell.cat\/ca\/wp-json\/wp\/v2\/pages\/1027","targetHints":{"allow":["GET"]}}],"collection":[{"href":"https:\/\/cell.cat\/ca\/wp-json\/wp\/v2\/pages"}],"about":[{"href":"https:\/\/cell.cat\/ca\/wp-json\/wp\/v2\/types\/page"}],"author":[{"embeddable":true,"href":"https:\/\/cell.cat\/ca\/wp-json\/wp\/v2\/users\/3"}],"replies":[{"embeddable":true,"href":"https:\/\/cell.cat\/ca\/wp-json\/wp\/v2\/comments?post=1027"}],"version-history":[{"count":3,"href":"https:\/\/cell.cat\/ca\/wp-json\/wp\/v2\/pages\/1027\/revisions"}],"predecessor-version":[{"id":2500,"href":"https:\/\/cell.cat\/ca\/wp-json\/wp\/v2\/pages\/1027\/revisions\/2500"}],"wp:attachment":[{"href":"https:\/\/cell.cat\/ca\/wp-json\/wp\/v2\/media?parent=1027"}],"curies":[{"name":"wp","href":"https:\/\/api.w.org\/{rel}","templated":true}]}}